{"id":14,"date":"2015-12-16T08:11:19","date_gmt":"2015-12-16T08:11:19","guid":{"rendered":"http:\/\/aura-brain-coaching.at\/?page_id=14"},"modified":"2026-03-04T09:02:58","modified_gmt":"2026-03-04T09:02:58","slug":"angebot","status":"publish","type":"page","link":"http:\/\/aura-brain-coaching.at\/?page_id=14","title":{"rendered":"Angebot"},"content":{"rendered":"<p>Nach schamanischer Auffassung sind wir spirituelle Wesen, die eine k\u00f6rperliche Erfahrung machen. Der physische K\u00f6rper ist umgeben von einem Energiefeld (Lichtk\u00f6rper, <strong>Aura<\/strong>) und dieses Energiefeld ist ein Speicher von Allem, was wir je erlebt haben und ist in unserem 3-teiligen Gehirn (<strong>Brain<\/strong>) gespeichert.<\/p>\n<h5>Meine Leistungen:<\/h5>\n<ul>\n<li><strong>Coaching<\/strong>: hilft L\u00f6sungen f\u00fcr berufliche und pers\u00f6nliche Herausforderungen zu finden und somit seinen eigenen Weg zu finden und auch selbstbewusst zu gehen. Im Fokus steht die Entfaltung des eigenen Potenzials und die Entwicklung der individuellen St\u00e4rken.<\/li>\n<li><strong>Aufstellungen<\/strong>: ein Sammelbegriff f\u00fcr Methoden bei denen die Mitglieder eines Systems (Familie, Organisation, auch Ideen, Organe, etc.) einzeln positioniert (= aufgestellt) und miteinander in Beziehung gesetzt werden. Verborgene Dynamiken werden dadurch sichtbar.<\/li>\n<li><strong>Schamanische Reise:<\/strong> ist ein Weg, um mit Hilfe einer Trommel oder Rassel (schamanische Werkzeue) das eigene Krafttier oder verlorenen Seelenanteilen zu finden.<\/li>\n<li><strong>Seelenr\u00fcckholung<\/strong>: ist eine besondere Art der schamanischen Reise, um verlorene Seelenanteile wieder zu finden und sie in ihr leuchtendes Energiefeld (Aura) zu integrieren.<\/li>\n<li><strong>Psychoedukation <\/strong>&#8211; allgem. Themen &amp;\u00a0 zu &#8222;Trauma&#8220; &#8211; auch Bindungs-Entwicklungstrauma &amp; transgenerationale Weitergabe, Traumfolgest\u00f6rungen. Und: verstehen ist nicht guthei\u00dfen\u00a0 bzw. zustimmen; verstehen ist der Beginn einer (m\u00f6glichen) Entwicklung !<\/li>\n<\/ul>\n<p>Weitere Informationen und Beschreibungen findest du in meinem Blog.<\/p>\n","protected":false},"excerpt":{"rendered":"<p>Nach schamanischer Auffassung sind wir spirituelle Wesen, die eine k\u00f6rperliche Erfahrung machen. Der physische K\u00f6rper ist umgeben von einem Energiefeld (Lichtk\u00f6rper, Aura) und dieses Energiefeld ist ein Speicher von Allem, was wir je erlebt haben und ist in unserem 3-teiligen Gehirn (Brain) gespeichert. Meine Leistungen: Coaching: hilft L\u00f6sungen f\u00fcr berufliche und pers\u00f6nliche Herausforderungen zu finden &hellip; <a href=\"http:\/\/aura-brain-coaching.at\/?page_id=14\" class=\"more-link\"><span class=\"screen-reader-text\">Angebot<\/span> weiterlesen <span class=\"meta-nav\">&rarr;<\/span><\/a><\/p>\n","protected":false},"author":1,"featured_media":0,"parent":0,"menu_order":1,"comment_status":"closed","ping_status":"closed","template":"","meta":[],"_links":{"self":[{"href":"http:\/\/aura-brain-coaching.at\/index.php?rest_route=\/wp\/v2\/pages\/14"}],"collection":[{"href":"http:\/\/aura-brain-coaching.at\/index.php?rest_route=\/wp\/v2\/pages"}],"about":[{"href":"http:\/\/aura-brain-coaching.at\/index.php?rest_route=\/wp\/v2\/types\/page"}],"author":[{"embeddable":true,"href":"http:\/\/aura-brain-coaching.at\/index.php?rest_route=\/wp\/v2\/users\/1"}],"replies":[{"embeddable":true,"href":"http:\/\/aura-brain-coaching.at\/index.php?rest_route=%2Fwp%2Fv2%2Fcomments&post=14"}],"version-history":[{"count":10,"href":"http:\/\/aura-brain-coaching.at\/index.php?rest_route=\/wp\/v2\/pages\/14\/revisions"}],"predecessor-version":[{"id":567,"href":"http:\/\/aura-brain-coaching.at\/index.php?rest_route=\/wp\/v2\/pages\/14\/revisions\/567"}],"wp:attachment":[{"href":"http:\/\/aura-brain-coaching.at\/index.php?rest_route=%2Fwp%2Fv2%2Fmedia&parent=14"}],"curies":[{"name":"wp","href":"https:\/\/api.w.org\/{rel}","templated":true}]}}