{"id":2,"date":"2015-12-08T16:51:34","date_gmt":"2015-12-08T16:51:34","guid":{"rendered":"http:\/\/aura-brain-coaching.at\/\/?page_id=2"},"modified":"2026-01-11T04:06:51","modified_gmt":"2026-01-11T04:06:51","slug":"sample-page","status":"publish","type":"page","link":"http:\/\/aura-brain-coaching.at\/","title":{"rendered":"Home"},"content":{"rendered":"<p>Willkommen bei Aura-Brain-Coaching !<\/p>\n<p><strong>Psychologische Beratung<\/strong><\/p>\n<p><strong>Familien-, Themen-, Strukturaufstellungen<\/strong><\/p>\n<p><strong>Schamanismus, Seelenr\u00fcckholung<\/strong><\/p>\n<p class=\"\">Es ist immer unser Schatten \u2013 unsere Unterdr\u00fcckung \u2013 der unsere Lebensenergie raubt und daf\u00fcr sorgt, dass wir uns energielos f\u00fchlen. Sich gef\u00fchlt f\u00fchlen, schafft Sicherheit und ist der Kern von Bezogenheit. Gesunde Beziehungen sind der N\u00e4hrboden f\u00fcr Entwicklung. Dazu tragen wir gemeinsam ein St\u00fcck bei.<\/p>\n<p>Der Schamane in dir<br \/>\nEin Schamane zu sein ist ein Akt des Glaubens an sich selbst.<br \/>\nEin Schamane zu sein bedeutet, ein Tr\u00e4umer zu sein und daran zu glauben, dass es jenseits dessen, was wir sehen, mehr gibt.<br \/>\nEin Schamane zu sein bedeutet, jeden Atemzug so zu nehmen, als w\u00e4re dies der erste.<br \/>\nEin Schamane zu sein bedeutet zu glauben, dass ein neues Paradigma geschaffen werden kann<br \/>\nViele haben mich einen Schamanen genannt, aber ich sage dir, dass es bei der Lehrert\u00e4tigkeit nicht nur darum geht, anderen zu helfen, sondern auch darum, zu leben und zu teilen, was wir sind.<br \/>\nHeute m\u00f6chte ich dir sagen, dass wir alle Schamanen sind und uns eine gemeinsame Zeit und einen gemeinsamen Raum teilen, in dem jeder der Spiegel des anderen ist. (Gedicht eines Qero-Paqo)<\/p>\n<p><em>\u00a0<\/em><\/p>\n","protected":false},"excerpt":{"rendered":"<p>Willkommen bei Aura-Brain-Coaching ! Psychologische Beratung Familien-, Themen-, Strukturaufstellungen Schamanismus, Seelenr\u00fcckholung Es ist immer unser Schatten \u2013 unsere Unterdr\u00fcckung \u2013 der unsere Lebensenergie raubt und daf\u00fcr sorgt, dass wir uns energielos f\u00fchlen. Sich gef\u00fchlt f\u00fchlen, schafft Sicherheit und ist der Kern von Bezogenheit. Gesunde Beziehungen sind der N\u00e4hrboden f\u00fcr Entwicklung. Dazu tragen wir gemeinsam ein &hellip; <a href=\"http:\/\/aura-brain-coaching.at\/\" class=\"more-link\"><span class=\"screen-reader-text\">Home<\/span> weiterlesen <span class=\"meta-nav\">&rarr;<\/span><\/a><\/p>\n","protected":false},"author":1,"featured_media":0,"parent":0,"menu_order":0,"comment_status":"closed","ping_status":"closed","template":"","meta":[],"_links":{"self":[{"href":"http:\/\/aura-brain-coaching.at\/index.php?rest_route=\/wp\/v2\/pages\/2"}],"collection":[{"href":"http:\/\/aura-brain-coaching.at\/index.php?rest_route=\/wp\/v2\/pages"}],"about":[{"href":"http:\/\/aura-brain-coaching.at\/index.php?rest_route=\/wp\/v2\/types\/page"}],"author":[{"embeddable":true,"href":"http:\/\/aura-brain-coaching.at\/index.php?rest_route=\/wp\/v2\/users\/1"}],"replies":[{"embeddable":true,"href":"http:\/\/aura-brain-coaching.at\/index.php?rest_route=%2Fwp%2Fv2%2Fcomments&post=2"}],"version-history":[{"count":9,"href":"http:\/\/aura-brain-coaching.at\/index.php?rest_route=\/wp\/v2\/pages\/2\/revisions"}],"predecessor-version":[{"id":553,"href":"http:\/\/aura-brain-coaching.at\/index.php?rest_route=\/wp\/v2\/pages\/2\/revisions\/553"}],"wp:attachment":[{"href":"http:\/\/aura-brain-coaching.at\/index.php?rest_route=%2Fwp%2Fv2%2Fmedia&parent=2"}],"curies":[{"name":"wp","href":"https:\/\/api.w.org\/{rel}","templated":true}]}}