{"id":8,"date":"2015-12-15T16:05:30","date_gmt":"2015-12-15T16:05:30","guid":{"rendered":"http:\/\/aura-brain-coaching.at\/?page_id=8"},"modified":"2026-03-04T06:02:14","modified_gmt":"2026-03-04T06:02:14","slug":"ueber-mich","status":"publish","type":"page","link":"http:\/\/aura-brain-coaching.at\/?page_id=8","title":{"rendered":"\u00dcber mich"},"content":{"rendered":"<div class=\"su-row\">\n<div class=\"su-column su-column-size-1-2\"><div class=\"su-column-inner su-u-clearfix su-u-trim\">\n<p style=\"text-align: left;\"><img decoding=\"async\" loading=\"lazy\" class=\"wp-image-33 alignnone\" src=\"http:\/\/aura-brain-coaching.at\/wp-content\/uploads\/2017\/01\/Michi-PROFILBILD-300x300.jpg\" width=\"286\" height=\"286\" srcset=\"http:\/\/aura-brain-coaching.at\/wp-content\/uploads\/2017\/01\/Michi-PROFILBILD-300x300.jpg 300w, http:\/\/aura-brain-coaching.at\/wp-content\/uploads\/2017\/01\/Michi-PROFILBILD-150x150.jpg 150w, http:\/\/aura-brain-coaching.at\/wp-content\/uploads\/2017\/01\/Michi-PROFILBILD-1024x1024.jpg 1024w, http:\/\/aura-brain-coaching.at\/wp-content\/uploads\/2017\/01\/Michi-PROFILBILD.jpg 1092w\" sizes=\"(max-width: 286px) 100vw, 286px\" \/><\/p>\n<p style=\"text-align: left;\">Mag<sup>a\u00a0<\/sup> Michaela Nagl<\/p>\n<\/div><\/div>\n<div class=\"su-column su-column-size-1-2\"><div class=\"su-column-inner su-u-clearfix su-u-trim\">\nGeboren 1965 in N\u00d6 (s\u00fcdl. Waldviertel), lebe und arbeite ich in Wien und habe 2 erwachsene S\u00f6hne und 2 Enkelkinder.<\/p>\n<p><em>&#8222;Ich halte es f\u00fcr besser, die Gegens\u00e4tze von Gut und B\u00f6se zu meiden, denn sie stehen immer in Relation zum Beobachter\/zur Beobachterin. Im Daoismus (Ursprung von Yin\/Yang) sind moralische Urteile wie &#8222;gut&#8220; und &#8222;b\u00f6se&#8220; subjektiv. Die Dualit\u00e4t von Yin\/Yang ist neutraler und bezieht sich auf Gegens\u00e4tze wie F\u00fclle\/Leere oder Schatten\/Licht.&#8220;<\/em><\/p>\n<h5><strong>Ausbildungen:<\/strong><\/h5>\n<ul>\n<li>Fachhochschule Sozialarbeit und -management (FH-Campus Wien)<\/li>\n<li>Lebens- u. Sozialberaterin (WILAK Wien)<\/li>\n<li>Trainerinnen- und Coachingausbildung (Delphin-Training; Die Esche)<\/li>\n<li>Hospizausbildung Sterbe-Trauerbegleitung, (\u00d6BR Wien)<\/li>\n<li>Systemische Aufstellungen (Reinhold Wildner St. Christophen, Hannah Gaugler M\u00fcnchen, Siegfried Essen Graz)<\/li>\n<li>Schamanische Ausbildungen (Wiraqocha Elizabeth Jenkins, Four Winds Society Alberto Villoldo, Icewisdom Angaangaq, Schamanische Heilung August Thalhamer, Systemic Ritual Daan van Kampenhout, Ojuna Altangerel-Wodnar, Kerstin Scherer, Darrel Combs)<\/li>\n<li>\n<div class=\"CCgQ5 vCa9Yd QfkTvb N8QANc Va3FIb EE3Upf\" role=\"heading\" aria-level=\"3\">Reconnective Healing (Eric Pearl)<\/div>\n<\/li>\n<li>PNI -Psychoneuroimmunologie (Traineracademy)<\/li>\n<li>Kinesiologie (GESU)<\/li>\n<li>EFT &#8211; Klopfen (Dr. Antonia PFEIFFER)<\/li>\n<li>Achtsamkeits- und Resilienztrainerin (GESU)<\/li>\n<li>Practitioner in Cranio Sacral Fluid Dynamics CFD (Campus Vitae) i.A.<\/li>\n<li>Lfd. Aus- und Weiterbildungen (Yoga, Meditationstechniken, Trauma- und Transgenerationale Weitergabe, etc.)<\/li>\n<\/ul>\n<\/div><\/div>\n<\/div>\n","protected":false},"excerpt":{"rendered":"","protected":false},"author":1,"featured_media":0,"parent":0,"menu_order":2,"comment_status":"closed","ping_status":"closed","template":"","meta":[],"_links":{"self":[{"href":"http:\/\/aura-brain-coaching.at\/index.php?rest_route=\/wp\/v2\/pages\/8"}],"collection":[{"href":"http:\/\/aura-brain-coaching.at\/index.php?rest_route=\/wp\/v2\/pages"}],"about":[{"href":"http:\/\/aura-brain-coaching.at\/index.php?rest_route=\/wp\/v2\/types\/page"}],"author":[{"embeddable":true,"href":"http:\/\/aura-brain-coaching.at\/index.php?rest_route=\/wp\/v2\/users\/1"}],"replies":[{"embeddable":true,"href":"http:\/\/aura-brain-coaching.at\/index.php?rest_route=%2Fwp%2Fv2%2Fcomments&post=8"}],"version-history":[{"count":10,"href":"http:\/\/aura-brain-coaching.at\/index.php?rest_route=\/wp\/v2\/pages\/8\/revisions"}],"predecessor-version":[{"id":563,"href":"http:\/\/aura-brain-coaching.at\/index.php?rest_route=\/wp\/v2\/pages\/8\/revisions\/563"}],"wp:attachment":[{"href":"http:\/\/aura-brain-coaching.at\/index.php?rest_route=%2Fwp%2Fv2%2Fmedia&parent=8"}],"curies":[{"name":"wp","href":"https:\/\/api.w.org\/{rel}","templated":true}]}}